{"id":190,"date":"2019-09-22T10:14:46","date_gmt":"2019-09-22T08:14:46","guid":{"rendered":"https:\/\/trier-thaimassage.de\/gutschein\/agb\/"},"modified":"2025-09-17T07:11:25","modified_gmt":"2025-09-17T05:11:25","slug":"agb","status":"publish","type":"page","link":"https:\/\/trier-thaimassage.de\/gutschein\/agb\/","title":{"rendered":"AGB"},"content":{"rendered":"<p><strong>Allgemeine Gesch\u00e4ftsbedingungen (AGB) und Verbraucherinformationen<\/strong><br \/>\nStand: 06\/2018<br \/>\nAllgemeine Gesch\u00e4ftsbedingungen und Verbraucherinformationen im Rahmen von Kaufvertr\u00e4gen, die \u00fcber den Onlineshop zwischen\u00a0 &#8211; <strong>THE ROYAL ORCHID THAIMASSAGE <\/strong>In Parksauna-Trier, Parkstr. 30, 54292 Trier \u00a0im Folgenden \u201eVerk\u00e4ufer\u201c &#8211; und dem Kunden &#8211; im Folgenden \u201eKunde\u201c &#8211; geschlossen werden.<br \/>\n<span style=\"text-decoration: underline;\">\u00a7 1 Geltungsbereich und allgemeine Hinweise<\/span><br \/>\n(1) Vorbehaltlich individueller Absprachen und Vereinbarungen, die Vorrang vor diesen AGB haben, gelten f\u00fcr die Gesch\u00e4ftsbeziehung zwischen dem Verk\u00e4ufer und dem Kunden ausschlie\u00dflich die nachfolgenden Allgemeinen Gesch\u00e4ftsbedingungen. Soweit nichts anderes vereinbart, wird der<br \/>\nEinbeziehung von eigenen Bedingungen des Kunden widersprochen.<br \/>\n(2) Der Kunde ist Verbraucher, soweit er den Vertrag zu Zwecken abschlie\u00dft, die \u00fcberwiegend weder seiner gewerblichen noch seiner selbst\u00e4ndigen beruflichen T\u00e4tigkeit zugerechnet werden k\u00f6nnen.<br \/>\nDagegen ist Unternehmer jede nat\u00fcrliche oder juristische Person oder eine rechtsf\u00e4hige Personengesellschaft, die bei Abschluss eines Rechtsgesch\u00e4fts in Aus\u00fcbung ihrer gewerblichen oder selbst\u00e4ndigen beruflichen T\u00e4tigkeit handelt.<br \/>\n<span style=\"text-decoration: underline;\">\u00a7 2 Vertragsschluss<\/span><br \/>\n(1) Der Vertrag kommt zustande mit:<br \/>\nTHE ROYAL ORCHID THAIMASSAGE<br \/>\nIn Parksauna-Trier<br \/>\nParkstr. 30, 54292 Trier<br \/>\n(2) Die wesentlichen Merkmale der Ware ergeben sich aus der jeweiligen vom Verk\u00e4ufer eingestellten Produktbeschreibung.<br \/>\n(3) S\u00e4mtliche Angebote in dem Onlineshop des Verk\u00e4ufers stellen lediglich eine unverbindliche Einladung an den Kunden dar, dem Verk\u00e4ufer ein entsprechendes Kaufangebot zu unterbreiten. Sobald der Verk\u00e4ufer die Bestellung des Kunden erhalten hat, wird dem Kunde zun\u00e4chst eine Best\u00e4tigung \u00fcber den seiner Bestellung beim Verk\u00e4ufer zugesandt, in der Regel per E-Mail (Bestellbest\u00e4tigung). Die Bestellbest\u00e4tigung stellt noch nicht die Annahme der Bestellung dar. Nach Eingang der Bestellung des Kunden wird der Verk\u00e4ufer diese kurzfristig pr\u00fcfen und dem Kunden innerhalb von 2 Werktagen mitteilen, ob er die Bestellung annimmt (Auftragsbest\u00e4tigung). Der Bestellvorgang in dem Onlineshop<br \/>\ndes Verk\u00e4ufers funktioniert wie folgt:<br \/>\n(4) Der Kunde kann aus dem Sortiment des Verk\u00e4ufers Produkte ausw\u00e4hlen und diese \u00fcber den Button<br \/>\n\u201eIn den Korb\u201c in einem so genannten Warenkorb sammeln. Durch Klick auf den Button \u201eWarenkorb\u201c<br \/>\nerh\u00e4lt der Kunde einen \u00dcberblick \u00fcber die ausgew\u00e4hlten Produkte. \u00dcber den Button \u201eJetzt kaufen\u201c gibt<br \/>\ner einen verbindlichen Antrag zum Kauf der im Warenkorb befindlichen Waren ab. Vor Absenden der<br \/>\nBestellung kann der Kunde die Daten jederzeit durch die als Pfeiltasten dargestellten<br \/>\nBrowserfunktionen \u201eZur\u00fcck\u201c und \u201eWeiter\u201c die eingegebene Bestellung sowie die eingetragenen Daten<br \/>\n\u00e4ndern und einsehen. Der Antrag kann nur abgegeben und \u00fcbermittelt werden, wenn der Kunde durch<br \/>\nKlicken auf den Button \u201eAGB akzeptieren\u201c diese Vertragsbedingungen akzeptiert und dadurch in seinen<br \/>\nAntrag aufgenommen hat. Der Verk\u00e4ufer schickt daraufhin dem Kunden eine automatische<br \/>\nEmpfangsbest\u00e4tigung per E-Mail zu, in welcher die Bestellung des Kunden nochmals aufgef\u00fchrt wird<br \/>\nund die der Kunde \u00fcber die Funktion \u201eDrucken\u201c ausdrucken kann. Die automatische<br \/>\nEmpfangsbest\u00e4tigung dokumentiert lediglich, dass die Bestellung des Kunden beim Verk\u00e4ufer<br \/>\neingegangen ist und stellt keine Annahme des Antrags dar. Der Vertrag kommt erst durch die Abgabe<br \/>\nder Annahmeerkl\u00e4rung durch den Verk\u00e4ufer zustande, die mit einer gesonderten E-Mail versandt wird.<br \/>\n\u00a7 3 Vertragsgegenstand, Beschaffenheit, Lieferung, Warenverf\u00fcgbarkeit<br \/>\n(1) Vertragsgegenstand sind die im Rahmen der Bestellung vom Kunden spezifizierten und der Bestellund\/<br \/>\noder Auftragsbest\u00e4tigung genannten Waren und Dienstleistungen zu den im Onlineshop genannten<br \/>\nEndpreisen. Fehler und Irrt\u00fcmer dort sind vorbehalten, insbesondere was die Warenverf\u00fcgbarkeit<br \/>\nbetrifft.<br \/>\n(2) Die Beschaffenheit der bestellten Waren ergibt sich aus den Produktbeschreibungen im Onlineshop.<br \/>\nAbbildungen auf der Internetseite geben die Produkte unter Umst\u00e4nden nur ungenau wieder;<br \/>\ninsbesondere Farben k\u00f6nnen aus technischen Gr\u00fcnden erheblich abweichen. Bilder dienen lediglich<br \/>\nals Anschauungsmaterial und k\u00f6nnen vom Produkt abweichen. Technische Daten, Gewichts-, Ma\u00df und<br \/>\nLeistungsbeschreibung sind so pr\u00e4zise wie m\u00f6glich angegeben, k\u00f6nnen aber die \u00fcblichen<br \/>\nAbweichungen aufweisen. Die hier beschriebenen Eigenschaften stellen keine M\u00e4ngel der vom<br \/>\nVerk\u00e4ufer gelieferten Produkte dar.<br \/>\n(3) Sind zum Zeitpunkt der Bestellung des Kunden keine Exemplare des von ihm ausgew\u00e4hlten<br \/>\nProdukts verf\u00fcgbar, so teilt der Verk\u00e4ufer dem Kunden dies in der Auftragsbest\u00e4tigung mit. Ist das<br \/>\nProdukt dauerhaft nicht lieferbar, sieht der Verk\u00e4ufer von einer Annahmeerkl\u00e4rung ab. Ein Vertrag<br \/>\nkommt in diesem Fall nicht zustande.<br \/>\n(4) Ist das vom Kunden in der Bestellung bezeichnete Produkt nur vor\u00fcbergehend nicht verf\u00fcgbar, teilt<br \/>\nder Verk\u00e4ufer dem Kunden dies ebenfalls unverz\u00fcglich in der Auftragsbest\u00e4tigung mit. Bei einer<br \/>\nLieferungsverz\u00f6gerung von mehr als zwei Wochen hat der Kunde das Recht, vom Vertrag<br \/>\nzur\u00fcckzutreten. Im \u00dcbrigen ist in diesem Fall auch der Verk\u00e4ufer berechtigt, sich vom Vertrag zu l\u00f6sen.<br \/>\nHierbei wird er eventuell bereits geleistete Zahlungen des Kunden unverz\u00fcglich erstatten.<br \/>\n\u00a7 4 Lieferung, Preise, Versandkosten<br \/>\n(1) Die Auslieferung an das Versandunternehmen erfolgt sp\u00e4testens zwei Tage nach Geldeingang, bei<br \/>\nZahlung per Nachnahme sp\u00e4testens zwei Tage nach der Auftragsbest\u00e4tigung. Die Lieferzeit betr\u00e4gt bis<br \/>\nzu f\u00fcnf Tage. Auf eventuell abweichende Lieferzeiten weist der Verk\u00e4ufer auf der jeweiligen<br \/>\nProduktseite hin.<br \/>\n(2) Die Lieferung erfolgt nur innerhalb der EU.<br \/>\n(3) Alle Artikelpreise enthalten die gesetzliche Mehrwertsteuer. Die angegebenen Preise sind<br \/>\nEndverkaufspreise zuz\u00fcglich Versandkosten. Der Kunde erh\u00e4lt eine Rechnung mit ausgewiesener<br \/>\nMehrwertsteuer.<br \/>\n\u00a7 5 Zahlung<br \/>\nDie Zahlung erfolgt per Vorkasse (PayPal, \u00dcberweisung) oder per Nachnahme.<br \/>\n\u00a7 6 Transportsch\u00e4den<br \/>\n(1) Werden Waren mit offensichtlichen Transportsch\u00e4den angeliefert, wird der Kunden gebeten, diese<br \/>\nFehler sofort bei dem Zusteller zu reklamieren und schnellstm\u00f6glich Kontakt zu dem Verk\u00e4ufer<br \/>\naufzunehmen.<br \/>\n(2) Die Vers\u00e4umung einer Reklamation oder der Kontaktaufnahme hat f\u00fcr die gesetzlichen<br \/>\nGew\u00e4hrleistungsrechte des Kunden keinerlei Konsequenzen, hilft dem Verk\u00e4ufer aber, eigene<br \/>\nAnspr\u00fcche gegen\u00fcber dem Frachtf\u00fchrer bzw. der Transportversicherung geltend machen zu k\u00f6nnen.<br \/>\n\u00a7 7 Sachm\u00e4ngelgew\u00e4hrleistung<br \/>\n(1) Der Anbieter haftet f\u00fcr Sachm\u00e4ngel nach den hierf\u00fcr geltenden gesetzlichen Vorschriften,<br \/>\ninsbesondere \u00a7\u00a7 434 ff BGB.<br \/>\n(2) Eine Garantie besteht bei den vom Anbieter gelieferten Waren nur, wenn diese ausdr\u00fccklich in der<br \/>\nAuftragsbest\u00e4tigung zu dem jeweiligen Artikel abgegeben wurde.<br \/>\n(3) Beanstandungen und M\u00e4ngelhaf tungsanspr\u00fcche k\u00f6nnen Sie unter der in der<br \/>\nAnbieterkennzeichnung angegebenen Adresse vorbringen.<br \/>\n\u00a7 8 Eigentumsvorbehalt<br \/>\nBis zur vollst\u00e4ndigen Bezahlung verbleiben die gelieferten Waren im Eigentum des Verk\u00e4ufers.<br \/>\n\u00a7 9 Haftung<br \/>\nEs gelten die gesetzlichen Vorschriften.<br \/>\n\u00a7 10 Vertragstext<br \/>\nDer Vertragstext wird auf den internen Systemen des Verk\u00e4ufers gespeichert. Die Allgemeinen<br \/>\nGesch\u00e4ftsbedingungen kann der Kunde jederzeit in seinem Kundenkonto einsehen. Die Bestelldaten<br \/>\nund die AGB werden dem Kunden per E-Mail zugesendet. Nach Abschluss der Bestellung sind die<br \/>\nBestelldaten aus Sicherheitsgr\u00fcnden nicht mehr \u00fcber das Internet zug\u00e4nglich.<br \/>\n\u00a7 11 Schlussbestimmungen<br \/>\n(1) Die Vertragssprache ist deutsch.<br \/>\n(2) Auf Vertr\u00e4ge zwischen dem Verk\u00e4ufer und den Kunden findet das Recht der Bundesrepublik<br \/>\nDeutschland unter Ausschluss der Gesetze \u00fcber den internationalen Kauf beweglicher Waren<br \/>\nAnwendung. Diese Rechtswahl gilt bei Verbrauchern nur, soweit der durch zwingende Bestimmungen<br \/>\ndes Rechts des Staates des gew\u00f6hnlichen Aufenthaltes des Verbrauchers gew\u00e4hrte Schutz dem<br \/>\nKunden nicht entzogen wird.<br \/>\n(3) Sofern es sich beim Kunden um einen Kaufmann, eine juristische Person des \u00f6ffentlichen Rechts<br \/>\noder um ein \u00f6ffentlich-rechtliches Sonderverm\u00f6gen handelt, ist Gerichtsstand f\u00fcr alle Streitigkeiten aus<br \/>\nVertragsverh\u00e4ltnissen zwischen dem Kunden und dem Verk\u00e4ufer der Sitz des Verk\u00e4ufers. Dies gilt<br \/>\nauch, sofern der Kunde keinen allgemeinen Gerichtsstand in Deutschland oder der EU hat, oder sein<br \/>\nWohnsitz oder sein gew\u00f6hnlicher Aufenthalt im Zeitpunkt der Klageerhebung nicht bekannt ist.<\/p>\n<p><a href=\"http:\/\/www.rechtsanwalt-metzler.de\" target=\"_blank\" rel=\"noopener noreferrer\">Quelle: Rechtsanwalt f\u00fcr Wettbewerbsrecht, Markenrecht und Urheberrecht&#8220;&gt;Rechtsanwalt Metzler &#8211; Rechtsanwalt f\u00fcr<\/a><br \/>\n<a href=\"http:\/\/www.rechtsanwalt-metzler.de\" target=\"_blank\" rel=\"noopener noreferrer\">Wettbewerbsrecht, Markenrecht und Urheberrecht<\/a><br \/>\n(Ende der AGB)<br \/>\n<div class=\"woocommerce woocommerce-gzd woocommerce-gzd-complaints-shortcode\">\n\t\t\t<h3>Alternative Streitbeilegung gem\u00e4\u00df Art. 14 Abs. 1 ODR-VO und \u00a7 36 VSBG:<\/h3>\n\t\nZur Teilnahme an einem Streitbeilegungsverfahren vor einer Verbraucherschlichtungsstelle sind wir nicht verpflichtet und nicht bereit.<\/div>\n","protected":false},"excerpt":{"rendered":"<p>Allgemeine Gesch\u00e4ftsbedingungen (AGB) und Verbraucherinformationen Stand: 06\/2018 Allgemeine Gesch\u00e4ftsbedingungen und Verbraucherinformationen im Rahmen von Kaufvertr\u00e4gen, die \u00fcber den Onlineshop zwischen\u00a0 &#8211; THE ROYAL ORCHID THAIMASSAGE In Parksauna-Trier, Parkstr. 30, 54292 Trier \u00a0im Folgenden \u201eVerk\u00e4ufer\u201c &#8211; und dem Kunden &#8211; im &hellip; <a href=\"https:\/\/trier-thaimassage.de\/gutschein\/agb\/\">Weiter<\/a><\/p>\n","protected":false},"author":2,"featured_media":0,"parent":0,"menu_order":0,"comment_status":"closed","ping_status":"closed","template":"","meta":{"footnotes":""},"class_list":["post-190","page","type-page","status-publish","hentry"],"aioseo_notices":[],"_links":{"self":[{"href":"https:\/\/trier-thaimassage.de\/gutschein\/wp-json\/wp\/v2\/pages\/190","targetHints":{"allow":["GET"]}}],"collection":[{"href":"https:\/\/trier-thaimassage.de\/gutschein\/wp-json\/wp\/v2\/pages"}],"about":[{"href":"https:\/\/trier-thaimassage.de\/gutschein\/wp-json\/wp\/v2\/types\/page"}],"author":[{"embeddable":true,"href":"https:\/\/trier-thaimassage.de\/gutschein\/wp-json\/wp\/v2\/users\/2"}],"replies":[{"embeddable":true,"href":"https:\/\/trier-thaimassage.de\/gutschein\/wp-json\/wp\/v2\/comments?post=190"}],"version-history":[{"count":8,"href":"https:\/\/trier-thaimassage.de\/gutschein\/wp-json\/wp\/v2\/pages\/190\/revisions"}],"predecessor-version":[{"id":3414,"href":"https:\/\/trier-thaimassage.de\/gutschein\/wp-json\/wp\/v2\/pages\/190\/revisions\/3414"}],"wp:attachment":[{"href":"https:\/\/trier-thaimassage.de\/gutschein\/wp-json\/wp\/v2\/media?parent=190"}],"curies":[{"name":"wp","href":"https:\/\/api.w.org\/{rel}","templated":true}]}}