{"id":3176,"date":"2020-04-30T09:59:38","date_gmt":"2020-04-30T07:59:38","guid":{"rendered":"https:\/\/trier-thaimassage.de\/gutschein\/?post_type=product&#038;p=3176"},"modified":"2024-03-12T13:10:07","modified_gmt":"2024-03-12T12:10:07","slug":"thai-aromaoel-massage","status":"publish","type":"product","link":"https:\/\/trier-thaimassage.de\/gutschein\/shop\/thai-aromaoel-massage\/","title":{"rendered":"Thai-Aroma\u00f6l-massage"},"content":{"rendered":"<p>\u00c4therische \u00d6le werden sanft in die Haut einmassiert. Sie wirken sowohl auf den K\u00f6rper als auch auf die Psyche. Je nach Art des verwendeten \u00d6l- u. Duftessenzen wirkt die \u00d6lmassage entspannend und auch anregend.<\/p>\n","protected":false},"excerpt":{"rendered":"<p>\u00c4therische \u00d6le werden sanft in die Haut einmassiert. Sie wirken sowohl auf den K\u00f6rper als auch auf die Psyche. Je nach Art des verwendeten \u00d6l- u. Duftessenzen wirkt die \u00d6lmassage entspannend und auch anregend.<br \/>\nBestellung ab 60 \u20ac wird per Einschreiben eigenh\u00e4ndig versandt. Versand kosten 4,70 \u20ac.<\/p>\n<p>&nbsp;<\/p>\n","protected":false},"featured_media":3186,"template":"","meta":[],"product_brand":[],"product_cat":[145],"product_tag":[154,156,157,158,155],"class_list":{"0":"post-3176","1":"product","2":"type-product","3":"status-publish","4":"has-post-thumbnail","6":"product_cat-oel-aromaoelmassage","7":"product_tag-klassische-thaimassage","8":"product_tag-koerpermassage","9":"product_tag-massage-gutschein","10":"product_tag-oelmassage","11":"product_tag-rueckenmassage","12":"product_shipping_class-138","14":"first","15":"instock","16":"taxable","17":"shipping-taxable","18":"purchasable","19":"product-type-variable"},"aioseo_notices":[],"_links":{"self":[{"href":"https:\/\/trier-thaimassage.de\/gutschein\/wp-json\/wp\/v2\/product\/3176","targetHints":{"allow":["GET"]}}],"collection":[{"href":"https:\/\/trier-thaimassage.de\/gutschein\/wp-json\/wp\/v2\/product"}],"about":[{"href":"https:\/\/trier-thaimassage.de\/gutschein\/wp-json\/wp\/v2\/types\/product"}],"wp:featuredmedia":[{"embeddable":true,"href":"https:\/\/trier-thaimassage.de\/gutschein\/wp-json\/wp\/v2\/media\/3186"}],"wp:attachment":[{"href":"https:\/\/trier-thaimassage.de\/gutschein\/wp-json\/wp\/v2\/media?parent=3176"}],"wp:term":[{"taxonomy":"product_brand","embeddable":true,"href":"https:\/\/trier-thaimassage.de\/gutschein\/wp-json\/wp\/v2\/product_brand?post=3176"},{"taxonomy":"product_cat","embeddable":true,"href":"https:\/\/trier-thaimassage.de\/gutschein\/wp-json\/wp\/v2\/product_cat?post=3176"},{"taxonomy":"product_tag","embeddable":true,"href":"https:\/\/trier-thaimassage.de\/gutschein\/wp-json\/wp\/v2\/product_tag?post=3176"}],"curies":[{"name":"wp","href":"https:\/\/api.w.org\/{rel}","templated":true}]}}