{"id":3187,"date":"2020-04-30T10:10:50","date_gmt":"2020-04-30T08:10:50","guid":{"rendered":"https:\/\/trier-thaimassage.de\/gutschein\/?post_type=product&#038;p=3187"},"modified":"2023-08-31T19:33:33","modified_gmt":"2023-08-31T17:33:33","slug":"thailaendische-fussmassage","status":"publish","type":"product","link":"https:\/\/trier-thaimassage.de\/gutschein\/shop\/thailaendische-fussmassage\/","title":{"rendered":"Thail\u00e4ndische Fu\u00dfmassage"},"content":{"rendered":"<p>In den F\u00fc\u00dfen des Menschen befinden sich viele Stimulationspunkte der inneren Organe.\u00a0Durch die professionelle Fu\u00dfreflexzonenmassage k\u00f6nnen Leiden gelindert werden.<\/p>\n","protected":false},"excerpt":{"rendered":"<p>In den F\u00fc\u00dfen des Menschen befinden sich viele Stimulationspunkte der inneren Organe.\u00a0Durch die professionelle Fu\u00dfreflexzonenmassage k\u00f6nnen Leiden gelindert werden.<\/p>\n","protected":false},"featured_media":3182,"template":"","meta":[],"product_brand":[],"product_cat":[144,148],"product_tag":[159,154,156,157,160],"class_list":{"0":"post-3187","1":"product","2":"type-product","3":"status-publish","4":"has-post-thumbnail","6":"product_cat-klassische-thai-massage","7":"product_cat-wellnessmassage","8":"product_tag-fussmassage","9":"product_tag-klassische-thaimassage","10":"product_tag-koerpermassage","11":"product_tag-massage-gutschein","12":"product_tag-wellness-fuss","13":"product_shipping_class-138","15":"first","16":"instock","17":"taxable","18":"shipping-taxable","19":"purchasable","20":"product-type-variable"},"aioseo_notices":[],"_links":{"self":[{"href":"https:\/\/trier-thaimassage.de\/gutschein\/wp-json\/wp\/v2\/product\/3187","targetHints":{"allow":["GET"]}}],"collection":[{"href":"https:\/\/trier-thaimassage.de\/gutschein\/wp-json\/wp\/v2\/product"}],"about":[{"href":"https:\/\/trier-thaimassage.de\/gutschein\/wp-json\/wp\/v2\/types\/product"}],"wp:featuredmedia":[{"embeddable":true,"href":"https:\/\/trier-thaimassage.de\/gutschein\/wp-json\/wp\/v2\/media\/3182"}],"wp:attachment":[{"href":"https:\/\/trier-thaimassage.de\/gutschein\/wp-json\/wp\/v2\/media?parent=3187"}],"wp:term":[{"taxonomy":"product_brand","embeddable":true,"href":"https:\/\/trier-thaimassage.de\/gutschein\/wp-json\/wp\/v2\/product_brand?post=3187"},{"taxonomy":"product_cat","embeddable":true,"href":"https:\/\/trier-thaimassage.de\/gutschein\/wp-json\/wp\/v2\/product_cat?post=3187"},{"taxonomy":"product_tag","embeddable":true,"href":"https:\/\/trier-thaimassage.de\/gutschein\/wp-json\/wp\/v2\/product_tag?post=3187"}],"curies":[{"name":"wp","href":"https:\/\/api.w.org\/{rel}","templated":true}]}}