{"id":3192,"date":"2020-04-30T11:06:34","date_gmt":"2020-04-30T09:06:34","guid":{"rendered":"https:\/\/trier-thaimassage.de\/gutschein\/?post_type=product&#038;p=3192"},"modified":"2023-08-31T19:20:33","modified_gmt":"2023-08-31T17:20:33","slug":"hot-stone-massage","status":"publish","type":"product","link":"https:\/\/trier-thaimassage.de\/gutschein\/shop\/hot-stone-massage\/","title":{"rendered":"Hot Stone Massage (warmen Stein)"},"content":{"rendered":"<p>Die Massage wird mit warmen \u00d6len und hei\u00dfen Steinen durchgef\u00fchrt.\u00a0Die Steine werden auf die Energiepunkte entlang der Energielinie des K\u00f6rpers gelegt und k\u00f6nnen ihre W\u00e4rme an die Muskulatur abgeben.\u00a0F\u00fcr tiefgreifende k\u00f6rperliche und mentale Entspannung.<br \/>\nEin unvergessliches Verw\u00f6hnerlebnis.<\/p>\n","protected":false},"excerpt":{"rendered":"<p>Die Massage wird mit warmen \u00d6len und hei\u00dfen Steinen durchgef\u00fchrt.\u00a0Die Steine werden auf die Energiepunkte entlang der Energielinie des K\u00f6rpers gelegt und k\u00f6nnen ihre W\u00e4rme an die Muskulatur abgeben.\u00a0F\u00fcr tiefgreifende k\u00f6rperliche und mentale Entspannung.<br \/>\nEin unvergessliches Verw\u00f6hnerlebnis.<\/p>\n<p>&nbsp;<\/p>\n","protected":false},"featured_media":3184,"template":"","meta":[],"product_brand":[],"product_cat":[144,146,148],"product_tag":[162,154,156,157,161],"class_list":{"0":"post-3192","1":"product","2":"type-product","3":"status-publish","4":"has-post-thumbnail","6":"product_cat-klassische-thai-massage","7":"product_cat-waermebehandlung-massage","8":"product_cat-wellnessmassage","9":"product_tag-hot-stone-massage","10":"product_tag-klassische-thaimassage","11":"product_tag-koerpermassage","12":"product_tag-massage-gutschein","13":"product_tag-waermebehandlung","14":"product_shipping_class-138","16":"first","17":"instock","18":"sale","19":"taxable","20":"shipping-taxable","21":"purchasable","22":"product-type-variable"},"aioseo_notices":[],"_links":{"self":[{"href":"https:\/\/trier-thaimassage.de\/gutschein\/wp-json\/wp\/v2\/product\/3192","targetHints":{"allow":["GET"]}}],"collection":[{"href":"https:\/\/trier-thaimassage.de\/gutschein\/wp-json\/wp\/v2\/product"}],"about":[{"href":"https:\/\/trier-thaimassage.de\/gutschein\/wp-json\/wp\/v2\/types\/product"}],"wp:featuredmedia":[{"embeddable":true,"href":"https:\/\/trier-thaimassage.de\/gutschein\/wp-json\/wp\/v2\/media\/3184"}],"wp:attachment":[{"href":"https:\/\/trier-thaimassage.de\/gutschein\/wp-json\/wp\/v2\/media?parent=3192"}],"wp:term":[{"taxonomy":"product_brand","embeddable":true,"href":"https:\/\/trier-thaimassage.de\/gutschein\/wp-json\/wp\/v2\/product_brand?post=3192"},{"taxonomy":"product_cat","embeddable":true,"href":"https:\/\/trier-thaimassage.de\/gutschein\/wp-json\/wp\/v2\/product_cat?post=3192"},{"taxonomy":"product_tag","embeddable":true,"href":"https:\/\/trier-thaimassage.de\/gutschein\/wp-json\/wp\/v2\/product_tag?post=3192"}],"curies":[{"name":"wp","href":"https:\/\/api.w.org\/{rel}","templated":true}]}}