{"id":3197,"date":"2020-04-30T11:10:53","date_gmt":"2020-04-30T09:10:53","guid":{"rendered":"https:\/\/trier-thaimassage.de\/gutschein\/?post_type=product&#038;p=3197"},"modified":"2024-05-14T11:53:58","modified_gmt":"2024-05-14T09:53:58","slug":"neu-kerzenwachs-massage","status":"publish","type":"product","link":"https:\/\/trier-thaimassage.de\/gutschein\/shop\/neu-kerzenwachs-massage\/","title":{"rendered":"<p style=\"color:red\">Top Angebot! Kerzenwachs-Massage<\/p>"},"content":{"rendered":"<p>Eine Wellness-Massage mit Wachs ist ein ganz exklusives Verw\u00f6hnerlebnis. Die\u00a0\u00e4therische Wachs-\u00f6le sorgen zus\u00e4tzlich f\u00fcr aromatherapeutische Effekte und eine wohlige Atmosph\u00e4re. Die besonders geschmeidige Massage mit der warmen Wachs wirkt hautpflegend und ein samtig weiches Hautgef\u00fchl.<\/p>\n","protected":false},"excerpt":{"rendered":"<p>Eine Wellness-Massage mit Wachs ist ein ganz exklusives Verw\u00f6hnerlebnis. Die\u00a0\u00e4therische Wachs-\u00f6le sorgen zus\u00e4tzlich f\u00fcr aromatherapeutische Effekte und eine wohlige Atmosph\u00e4re. Die besonders geschmeidige Massage mit der warmen Wachs wirkt hautpflegend und ein samtig weiches Hautgef\u00fchl.<\/p>\n","protected":false},"featured_media":3202,"template":"","meta":[],"product_brand":[],"product_cat":[144,145,146],"product_tag":[162,163,154,156,157,161],"class_list":{"0":"post-3197","1":"product","2":"type-product","3":"status-publish","4":"has-post-thumbnail","6":"product_cat-klassische-thai-massage","7":"product_cat-oel-aromaoelmassage","8":"product_cat-waermebehandlung-massage","9":"product_tag-hot-stone-massage","10":"product_tag-kerzenwawaxhs","11":"product_tag-klassische-thaimassage","12":"product_tag-koerpermassage","13":"product_tag-massage-gutschein","14":"product_tag-waermebehandlung","15":"product_shipping_class-138","17":"first","18":"instock","19":"sale","20":"taxable","21":"shipping-taxable","22":"purchasable","23":"product-type-variable"},"aioseo_notices":[],"_links":{"self":[{"href":"https:\/\/trier-thaimassage.de\/gutschein\/wp-json\/wp\/v2\/product\/3197","targetHints":{"allow":["GET"]}}],"collection":[{"href":"https:\/\/trier-thaimassage.de\/gutschein\/wp-json\/wp\/v2\/product"}],"about":[{"href":"https:\/\/trier-thaimassage.de\/gutschein\/wp-json\/wp\/v2\/types\/product"}],"wp:featuredmedia":[{"embeddable":true,"href":"https:\/\/trier-thaimassage.de\/gutschein\/wp-json\/wp\/v2\/media\/3202"}],"wp:attachment":[{"href":"https:\/\/trier-thaimassage.de\/gutschein\/wp-json\/wp\/v2\/media?parent=3197"}],"wp:term":[{"taxonomy":"product_brand","embeddable":true,"href":"https:\/\/trier-thaimassage.de\/gutschein\/wp-json\/wp\/v2\/product_brand?post=3197"},{"taxonomy":"product_cat","embeddable":true,"href":"https:\/\/trier-thaimassage.de\/gutschein\/wp-json\/wp\/v2\/product_cat?post=3197"},{"taxonomy":"product_tag","embeddable":true,"href":"https:\/\/trier-thaimassage.de\/gutschein\/wp-json\/wp\/v2\/product_tag?post=3197"}],"curies":[{"name":"wp","href":"https:\/\/api.w.org\/{rel}","templated":true}]}}