{"id":3203,"date":"2020-04-30T11:22:07","date_gmt":"2020-04-30T09:22:07","guid":{"rendered":"https:\/\/trier-thaimassage.de\/gutschein\/?post_type=product&#038;p=3203"},"modified":"2025-01-06T07:17:36","modified_gmt":"2025-01-06T06:17:36","slug":"synchron-massage-2-masseurinnen-gleichzeitig","status":"publish","type":"product","link":"https:\/\/trier-thaimassage.de\/gutschein\/shop\/synchron-massage-2-masseurinnen-gleichzeitig\/","title":{"rendered":"Synchron-Massage<br>(4 H\u00e4nde-Massage)"},"content":{"rendered":"<p>Von vier H\u00e4nden massiert zu werden bedeutet, dass Ihr K\u00f6rper in nur einer Stunde gro\u00dffl\u00e4chig mit flie\u00dfenden, synchronen Massagegriffen und Ausstreichungen ber\u00fchrt wird.<\/p>\n","protected":false},"excerpt":{"rendered":"<p>Von vier H\u00e4nden massiert zu werden bedeutet, dass Ihr K\u00f6rper in nur einer Stunde gro\u00dffl\u00e4chig mit flie\u00dfenden, synchronen Massagegriffen und Ausstreichungen ber\u00fchrt wird.<\/p>\n<p>&nbsp;<\/p>\n","protected":false},"featured_media":3239,"template":"","meta":[],"product_brand":[],"product_cat":[144,145,147,148],"product_tag":[154,156,157,158,155],"class_list":{"0":"post-3203","1":"product","2":"type-product","3":"status-publish","4":"has-post-thumbnail","6":"product_cat-klassische-thai-massage","7":"product_cat-oel-aromaoelmassage","8":"product_cat-synchron-massage","9":"product_cat-wellnessmassage","10":"product_tag-klassische-thaimassage","11":"product_tag-koerpermassage","12":"product_tag-massage-gutschein","13":"product_tag-oelmassage","14":"product_tag-rueckenmassage","15":"product_shipping_class-138","17":"first","18":"instock","19":"sale","20":"taxable","21":"shipping-taxable","22":"purchasable","23":"product-type-variable"},"aioseo_notices":[],"_links":{"self":[{"href":"https:\/\/trier-thaimassage.de\/gutschein\/wp-json\/wp\/v2\/product\/3203","targetHints":{"allow":["GET"]}}],"collection":[{"href":"https:\/\/trier-thaimassage.de\/gutschein\/wp-json\/wp\/v2\/product"}],"about":[{"href":"https:\/\/trier-thaimassage.de\/gutschein\/wp-json\/wp\/v2\/types\/product"}],"wp:featuredmedia":[{"embeddable":true,"href":"https:\/\/trier-thaimassage.de\/gutschein\/wp-json\/wp\/v2\/media\/3239"}],"wp:attachment":[{"href":"https:\/\/trier-thaimassage.de\/gutschein\/wp-json\/wp\/v2\/media?parent=3203"}],"wp:term":[{"taxonomy":"product_brand","embeddable":true,"href":"https:\/\/trier-thaimassage.de\/gutschein\/wp-json\/wp\/v2\/product_brand?post=3203"},{"taxonomy":"product_cat","embeddable":true,"href":"https:\/\/trier-thaimassage.de\/gutschein\/wp-json\/wp\/v2\/product_cat?post=3203"},{"taxonomy":"product_tag","embeddable":true,"href":"https:\/\/trier-thaimassage.de\/gutschein\/wp-json\/wp\/v2\/product_tag?post=3203"}],"curies":[{"name":"wp","href":"https:\/\/api.w.org\/{rel}","templated":true}]}}