{"id":3208,"date":"2020-04-30T11:27:35","date_gmt":"2020-04-30T09:27:35","guid":{"rendered":"https:\/\/trier-thaimassage.de\/gutschein\/?post_type=product&#038;p=3208"},"modified":"2023-08-31T19:17:34","modified_gmt":"2023-08-31T17:17:34","slug":"ruecken-und-nackenmasage-mit-warmen-oel","status":"publish","type":"product","link":"https:\/\/trier-thaimassage.de\/gutschein\/shop\/ruecken-und-nackenmasage-mit-warmen-oel\/","title":{"rendered":"R\u00fccken- und Nackenmasage (mit warmen \u00d6l)"},"content":{"rendered":"<p>Unter Verwendung verschiedener Techniken, welche ein tieferes Durchdringen in und um die Muskelbereiche erm\u00f6glichen, ist die R\u00fcckenmassage ideal nach einem Tag voller B\u00fcrostress.<\/p>\n","protected":false},"excerpt":{"rendered":"<p>Unter Verwendung verschiedener Techniken, welche ein tieferes Durchdringen in und um die Muskelbereiche erm\u00f6glichen, ist die R\u00fcckenmassage ideal nach einem Tag voller B\u00fcrostress.<\/p>\n<p>&nbsp;<\/p>\n","protected":false},"featured_media":3181,"template":"","meta":[],"product_brand":[],"product_cat":[145],"product_tag":[154,156,157,158,155],"class_list":{"0":"post-3208","1":"product","2":"type-product","3":"status-publish","4":"has-post-thumbnail","6":"product_cat-oel-aromaoelmassage","7":"product_tag-klassische-thaimassage","8":"product_tag-koerpermassage","9":"product_tag-massage-gutschein","10":"product_tag-oelmassage","11":"product_tag-rueckenmassage","12":"product_shipping_class-138","14":"first","15":"instock","16":"taxable","17":"shipping-taxable","18":"purchasable","19":"product-type-simple"},"aioseo_notices":[],"_links":{"self":[{"href":"https:\/\/trier-thaimassage.de\/gutschein\/wp-json\/wp\/v2\/product\/3208","targetHints":{"allow":["GET"]}}],"collection":[{"href":"https:\/\/trier-thaimassage.de\/gutschein\/wp-json\/wp\/v2\/product"}],"about":[{"href":"https:\/\/trier-thaimassage.de\/gutschein\/wp-json\/wp\/v2\/types\/product"}],"wp:featuredmedia":[{"embeddable":true,"href":"https:\/\/trier-thaimassage.de\/gutschein\/wp-json\/wp\/v2\/media\/3181"}],"wp:attachment":[{"href":"https:\/\/trier-thaimassage.de\/gutschein\/wp-json\/wp\/v2\/media?parent=3208"}],"wp:term":[{"taxonomy":"product_brand","embeddable":true,"href":"https:\/\/trier-thaimassage.de\/gutschein\/wp-json\/wp\/v2\/product_brand?post=3208"},{"taxonomy":"product_cat","embeddable":true,"href":"https:\/\/trier-thaimassage.de\/gutschein\/wp-json\/wp\/v2\/product_cat?post=3208"},{"taxonomy":"product_tag","embeddable":true,"href":"https:\/\/trier-thaimassage.de\/gutschein\/wp-json\/wp\/v2\/product_tag?post=3208"}],"curies":[{"name":"wp","href":"https:\/\/api.w.org\/{rel}","templated":true}]}}